{"id":3178,"date":"2026-05-08T12:58:27","date_gmt":"2026-05-08T12:58:27","guid":{"rendered":"https:\/\/2026.bibliocon.de\/?page_id=3178"},"modified":"2026-05-08T15:11:45","modified_gmt":"2026-05-08T15:11:45","slug":"streaming","status":"publish","type":"page","link":"https:\/\/2026.bibliocon.de\/en\/streaming\/","title":{"rendered":"Streaming \/ On-Demand"},"content":{"rendered":"\t\t<div data-elementor-type=\"wp-page\" data-elementor-id=\"3178\" class=\"elementor elementor-3178 elementor-3177\" data-elementor-post-type=\"page\">\n\t\t\t\t<div class=\"elementor-element elementor-element-ed90341 e-con-full e-flex e-con e-parent\" data-id=\"ed90341\" data-element_type=\"container\">\n\t\t<div class=\"elementor-element elementor-element-509362f e-con-full e-flex e-con e-child\" data-id=\"509362f\" data-element_type=\"container\" data-settings=\"{&quot;background_background&quot;:&quot;classic&quot;}\">\n\t\t\t\t<\/div>\n\t\t<div class=\"elementor-element elementor-element-51f2b04 e-con-full e-flex e-con e-child\" data-id=\"51f2b04\" data-element_type=\"container\">\n\t\t\t\t<div class=\"elementor-element elementor-element-b5b99f5 elementor-widget__width-initial elementor-invisible elementor-widget elementor-widget-heading\" data-id=\"b5b99f5\" data-element_type=\"widget\" data-settings=\"{&quot;_animation&quot;:&quot;fadeInRight&quot;}\" data-widget_type=\"heading.default\">\n\t\t\t\t<div class=\"elementor-widget-container\">\n\t\t\t\t\t<h2 class=\"elementor-heading-title elementor-size-default\">Streaming \/ On-Demand<\/h2>\t\t\t\t<\/div>\n\t\t\t\t<\/div>\n\t\t\t\t<div class=\"elementor-element elementor-element-d1f3d5b elementor-widget__width-initial elementor-widget elementor-widget-text-editor\" data-id=\"d1f3d5b\" data-element_type=\"widget\" data-widget_type=\"text-editor.default\">\n\t\t\t\t<div class=\"elementor-widget-container\">\n\t\t\t\t\t\t\t\t\t<div class=\"row grid-bottom-padding\"><div class=\"grid col-md-12 col-sm-12 col-xs-12 block-default \"><p>You can find the live and on-demand sessions in the app.<br>Please log in before you can watch the live stream via the \u201cLive\u201d menu option or open the session you wish to watch on-demand via the \u201cSessions per day\u201d menu option. If the session is not displayed, this means the speakers have not given their consent for it to be streamed. <\/p><p>If you wish to watch the stream on a computer or laptop, you can do so via the web-based app. Please use this link to access it: <a href=\"https:\/\/bibliocon2026.conf2go.app\/#\/app\/dashboard\" target=\"_blank\" rel=\"noopener\">https:\/\/bibliocon2026.conf2go.app\/#\/app\/dashboard<\/a> <\/p><p>You must have a valid registration to access the live stream.<\/p><p>You can access the recordings of the meetings until the end of this year.<\/p><\/div><\/div>\t\t\t\t\t\t\t\t<\/div>\n\t\t\t\t<\/div>\n\t\t\t\t<\/div>\n\t\t\t\t<\/div>\n\t\t<div class=\"elementor-element elementor-element-e2c1748 e-con-full e-flex e-con e-parent\" data-id=\"e2c1748\" data-element_type=\"container\" data-settings=\"{&quot;background_background&quot;:&quot;classic&quot;}\">\n\t\t<div class=\"elementor-element elementor-element-77c5d0b e-con-full e-flex e-con e-child\" data-id=\"77c5d0b\" data-element_type=\"container\">\n\t\t\t\t<div class=\"elementor-element elementor-element-e878c2c elementor-widget__width-initial elementor-widget elementor-widget-text-editor\" data-id=\"e878c2c\" data-element_type=\"widget\" data-widget_type=\"text-editor.default\">\n\t\t\t\t<div class=\"elementor-widget-container\">\n\t\t\t\t\t\t\t\t\t<div class=\"row grid-bottom-padding\"><div class=\"grid col-md-12 col-sm-12 col-xs-12 block-default \"><p>You will find the login link in the web-based app at the top right of the page:<\/p><\/div><\/div>\t\t\t\t\t\t\t\t<\/div>\n\t\t\t\t<\/div>\n\t\t\t\t<div class=\"elementor-element elementor-element-7f721eb elementor-widget elementor-widget-image\" data-id=\"7f721eb\" data-element_type=\"widget\" data-widget_type=\"image.default\">\n\t\t\t\t<div class=\"elementor-widget-container\">\n\t\t\t\t\t\t\t\t\t\t\t\t\t\t\t<img fetchpriority=\"high\" decoding=\"async\" width=\"800\" height=\"159\" src=\"https:\/\/2026.bibliocon.de\/wp-content\/uploads\/2026\/05\/browser-App-1024x204.png\" class=\"attachment-large size-large wp-image-3191\" alt=\"\" srcset=\"https:\/\/2026.bibliocon.de\/wp-content\/uploads\/2026\/05\/browser-App-1024x204.png 1024w, https:\/\/2026.bibliocon.de\/wp-content\/uploads\/2026\/05\/browser-App-300x60.png 300w, https:\/\/2026.bibliocon.de\/wp-content\/uploads\/2026\/05\/browser-App-768x153.png 768w, https:\/\/2026.bibliocon.de\/wp-content\/uploads\/2026\/05\/browser-App.png 1242w\" sizes=\"(max-width: 800px) 100vw, 800px\" \/>\t\t\t\t\t\t\t\t\t\t\t\t\t\t\t<\/div>\n\t\t\t\t<\/div>\n\t\t\t\t<\/div>\n\t\t<div class=\"elementor-element elementor-element-096b635 e-con-full e-flex e-con e-child\" data-id=\"096b635\" data-element_type=\"container\">\n\t\t\t\t<div class=\"elementor-element elementor-element-b7d9ebf elementor-widget__width-initial elementor-widget elementor-widget-text-editor\" data-id=\"b7d9ebf\" data-element_type=\"widget\" data-widget_type=\"text-editor.default\">\n\t\t\t\t<div class=\"elementor-widget-container\">\n\t\t\t\t\t\t\t\t\t<div class=\"row grid-bottom-padding\"><div class=\"grid col-md-12 col-sm-12 col-xs-12 block-default \"><p>You can find the login link in the app menu:<\/p><\/div><\/div>\t\t\t\t\t\t\t\t<\/div>\n\t\t\t\t<\/div>\n\t\t\t\t<div class=\"elementor-element elementor-element-20efa02 elementor-widget elementor-widget-image\" data-id=\"20efa02\" data-element_type=\"widget\" data-widget_type=\"image.default\">\n\t\t\t\t<div class=\"elementor-widget-container\">\n\t\t\t\t\t\t\t\t\t\t\t\t\t\t\t<img decoding=\"async\" width=\"473\" height=\"597\" src=\"https:\/\/2026.bibliocon.de\/wp-content\/uploads\/2026\/05\/App-Menu.jpg\" class=\"attachment-large size-large wp-image-3202\" alt=\"\" srcset=\"https:\/\/2026.bibliocon.de\/wp-content\/uploads\/2026\/05\/App-Menu.jpg 473w, https:\/\/2026.bibliocon.de\/wp-content\/uploads\/2026\/05\/App-Menu-238x300.jpg 238w\" sizes=\"(max-width: 473px) 100vw, 473px\" \/>\t\t\t\t\t\t\t\t\t\t\t\t\t\t\t<\/div>\n\t\t\t\t<\/div>\n\t\t\t\t<\/div>\n\t\t\t\t<\/div>\n\t\t<div class=\"elementor-element elementor-element-cf67383 e-con-full e-flex e-con e-parent\" data-id=\"cf67383\" data-element_type=\"container\" data-settings=\"{&quot;background_background&quot;:&quot;classic&quot;}\">\n\t\t\t\t<div class=\"elementor-element elementor-element-77bbcee elementor-widget elementor-widget-text-editor\" data-id=\"77bbcee\" data-element_type=\"widget\" data-widget_type=\"text-editor.default\">\n\t\t\t\t<div class=\"elementor-widget-container\">\n\t\t\t\t\t\t\t\t\t<p>On the login page, please use the same login details you used to register for the conference. If you encounter any problems or have any questions, please contact us at <a href=\"mailto:registrierung@bibliocon.de\">registrierung@bibliocon.de<\/a> or visit the registration desk at the Estrel. <\/p><p>Once you&#8217;ve logged in, you can access the live streams by clicking the \u201cLive\u201d button or watch the recording by selecting \u201cSessions per Day.\u201d<\/p>\t\t\t\t\t\t\t\t<\/div>\n\t\t\t\t<\/div>\n\t\t\t\t<div class=\"elementor-element elementor-element-1ee78e9 elementor-widget-divider--view-line elementor-widget elementor-widget-divider\" data-id=\"1ee78e9\" data-element_type=\"widget\" data-widget_type=\"divider.default\">\n\t\t\t\t<div class=\"elementor-widget-container\">\n\t\t\t\t\t\t\t<div class=\"elementor-divider\">\n\t\t\t<span class=\"elementor-divider-separator\">\n\t\t\t\t\t\t<\/span>\n\t\t<\/div>\n\t\t\t\t\t\t<\/div>\n\t\t\t\t<\/div>\n\t\t\t\t<div class=\"elementor-element elementor-element-f609b55 elementor-widget elementor-widget-heading\" data-id=\"f609b55\" data-element_type=\"widget\" data-widget_type=\"heading.default\">\n\t\t\t\t<div class=\"elementor-widget-container\">\n\t\t\t\t\t<h2 class=\"elementor-heading-title elementor-size-default\">KI-Keyword-Matching<\/h2>\t\t\t\t<\/div>\n\t\t\t\t<\/div>\n\t\t\t\t<div class=\"elementor-element elementor-element-4ef89d3 elementor-widget elementor-widget-text-editor\" data-id=\"4ef89d3\" data-element_type=\"widget\" data-widget_type=\"text-editor.default\">\n\t\t\t\t<div class=\"elementor-widget-container\">\n\t\t\t\t\t\t\t\t\t<p>Dear BiblioCon-Community,<br><br>Once again this year, BiblioCon offers a wide-ranging programme featuring over 530 presentations and sessions, which, as usual, can be accessed and personalised via the conference website and the <a href=\"https:\/\/bibliocon2026.conf2go.app\/#\/app\/dashboard\">conference app<\/a>. In addition to the established search and filter functions, this year we are trialling a new feature designed to tailor the search for events even more precisely to participants\u2019 interests. Using AI-powered keyword matching, events dedicated to similar topics are automatically compiled.  <br><br>Da sich diese neue Funktion noch im Teststadium befindet, entsprechen vielleicht noch nicht alle Keywords bibliothekarischen Standards oder funktioniert das Matching noch nicht immer einwandfrei. Daher w\u00fcrden wir uns sehr freuen, wenn Sie als Informationsspezialist:innen uns mit Hinweisen und Ideen unterst\u00fctzen w\u00fcrden, diese neue Funktion noch weiter zu verbessern. Gerne k\u00f6nnen Sie Ihre Kommentare an folgende Mail-Adresse senden: <a href=\"https:\/\/www.professionalabstracts.com\/webtools\/abstract@bibliocon.de\">abstract@bibliocon.de<\/a>.  <br><br>Have fun trying it out, and thank you very much for your constructive feedback!<\/p>\t\t\t\t\t\t\t\t<\/div>\n\t\t\t\t<\/div>\n\t\t\t\t<\/div>\n\t\t\t\t<\/div>\n\t\t","protected":false},"excerpt":{"rendered":"<p>Streaming \/ On-Demand You can find the live and on-demand sessions in the app.Please log in before you can watch the live stream via the \u201cLive\u201d menu option or open the session you wish to watch on-demand via the \u201cSessions per day\u201d menu option. If the session is not displayed, this means the speakers have [&hellip;]<\/p>\n","protected":false},"author":3,"featured_media":0,"parent":0,"menu_order":0,"comment_status":"closed","ping_status":"closed","template":"elementor_header_footer","meta":{"footnotes":""},"class_list":["post-3178","page","type-page","status-publish","hentry"],"_links":{"self":[{"href":"https:\/\/2026.bibliocon.de\/en\/wp-json\/wp\/v2\/pages\/3178","targetHints":{"allow":["GET"]}}],"collection":[{"href":"https:\/\/2026.bibliocon.de\/en\/wp-json\/wp\/v2\/pages"}],"about":[{"href":"https:\/\/2026.bibliocon.de\/en\/wp-json\/wp\/v2\/types\/page"}],"author":[{"embeddable":true,"href":"https:\/\/2026.bibliocon.de\/en\/wp-json\/wp\/v2\/users\/3"}],"replies":[{"embeddable":true,"href":"https:\/\/2026.bibliocon.de\/en\/wp-json\/wp\/v2\/comments?post=3178"}],"version-history":[{"count":5,"href":"https:\/\/2026.bibliocon.de\/en\/wp-json\/wp\/v2\/pages\/3178\/revisions"}],"predecessor-version":[{"id":3234,"href":"https:\/\/2026.bibliocon.de\/en\/wp-json\/wp\/v2\/pages\/3178\/revisions\/3234"}],"wp:attachment":[{"href":"https:\/\/2026.bibliocon.de\/en\/wp-json\/wp\/v2\/media?parent=3178"}],"curies":[{"name":"wp","href":"https:\/\/api.w.org\/{rel}","templated":true}]}}