{"id":1855,"date":"2025-10-22T09:39:21","date_gmt":"2025-10-22T09:39:21","guid":{"rendered":"https:\/\/2026.bibliocon.de\/berlin\/"},"modified":"2025-12-19T10:41:24","modified_gmt":"2025-12-19T10:41:24","slug":"berlin","status":"publish","type":"page","link":"https:\/\/2026.bibliocon.de\/en\/berlin\/","title":{"rendered":"Berlin"},"content":{"rendered":"\t\t<div data-elementor-type=\"wp-page\" data-elementor-id=\"1855\" class=\"elementor elementor-1855 elementor-754\" data-elementor-post-type=\"page\">\n\t\t\t\t<div class=\"elementor-element elementor-element-5b1ecb66 e-con-full e-flex e-con e-parent\" data-id=\"5b1ecb66\" data-element_type=\"container\">\n\t\t<div class=\"elementor-element elementor-element-1d0196d4 e-con-full e-flex e-con e-child\" data-id=\"1d0196d4\" data-element_type=\"container\">\n\t\t\t\t<div class=\"elementor-element elementor-element-2cad0587 elementor-widget__width-inherit elementor-cta--skin-classic elementor-animated-content elementor-widget elementor-widget-call-to-action\" data-id=\"2cad0587\" data-element_type=\"widget\" data-widget_type=\"call-to-action.default\">\n\t\t\t\t<div class=\"elementor-widget-container\">\n\t\t\t\t\t\t\t<div class=\"elementor-cta\">\n\t\t\t\t\t<div class=\"elementor-cta__bg-wrapper\">\n\t\t\t\t<div class=\"elementor-cta__bg elementor-bg\" style=\"background-image: url(https:\/\/2026.bibliocon.de\/wp-content\/uploads\/2025\/09\/shutterstock_1082554628-scaled.jpg);\" role=\"img\" aria-label=\"Aerial,View,Of,Central,Berlin,On,A,Bright,Day,In\"><\/div>\n\t\t\t\t<div class=\"elementor-cta__bg-overlay\"><\/div>\n\t\t\t<\/div>\n\t\t\t\t\t\t\t\t<\/div>\n\t\t\t\t\t\t<\/div>\n\t\t\t\t<\/div>\n\t\t\t\t<\/div>\n\t\t<div class=\"elementor-element elementor-element-7bab71b4 e-con-full e-flex e-con e-child\" data-id=\"7bab71b4\" data-element_type=\"container\" data-settings=\"{&quot;background_background&quot;:&quot;classic&quot;}\">\n\t\t\t\t<div class=\"elementor-element elementor-element-5945c697 elementor-invisible elementor-widget elementor-widget-heading\" data-id=\"5945c697\" data-element_type=\"widget\" data-settings=\"{&quot;_animation&quot;:&quot;fadeInRight&quot;}\" data-widget_type=\"heading.default\">\n\t\t\t\t<div class=\"elementor-widget-container\">\n\t\t\t\t\t<h2 class=\"elementor-heading-title elementor-size-default\">Berlin<\/h2>\t\t\t\t<\/div>\n\t\t\t\t<\/div>\n\t\t\t\t<div class=\"elementor-element elementor-element-26af89e elementor-widget elementor-widget-text-editor\" data-id=\"26af89e\" data-element_type=\"widget\" data-widget_type=\"text-editor.default\">\n\t\t\t\t<div class=\"elementor-widget-container\">\n\t\t\t\t\t\t\t\t\tBerlin, Germany&#8217;s vibrant capital, combines history, culture and modernity like no other city. The metropolis on the River Spree is known for its eventful past, which is reflected in numerous sights \u2013 from the Brandenburg Gate and the Reichstag to the East Side Gallery, the longest preserved section of the Berlin Wall.<br><br>Today, Berlin is a centre for art, music and innovation. Its diverse neighbourhoods offer hip caf\u00e9s and international restaurants as well as traditional pubs and green oases such as the Tiergarten. The nightlife is legendary, the museums are world-class, and the events range from music festivals to street markets.<br><br>For visitors, Berlin is an exciting destination that always has something new to offer. Whether strolling through Prenzlauer Berg, visiting Museum Island or taking a relaxing walk along the banks of the Spree, Berlin combines the best of the past and present and invites you to discover and experience it all.<br><br>Berlin also enjoys an outstanding reputation as a centre of education. The city is home to three renowned universities: Humboldt Universit\u00e4t, Freie Universit\u00e4t and Technische Universit\u00e4t, as well as numerous colleges and research institutions. These attract students and scientists from all over the world, making Berlin a place of knowledge exchange and innovation.\t\t\t\t\t\t\t\t<\/div>\n\t\t\t\t<\/div>\n\t\t\t\t<div class=\"elementor-element elementor-element-8ef3914 elementor-align-center elementor-invisible elementor-widget elementor-widget-button\" data-id=\"8ef3914\" data-element_type=\"widget\" data-settings=\"{&quot;_animation&quot;:&quot;fadeInLeft&quot;}\" data-widget_type=\"button.default\">\n\t\t\t\t<div class=\"elementor-widget-container\">\n\t\t\t\t\t\t\t\t\t<div class=\"elementor-button-wrapper\">\n\t\t\t\t\t<a class=\"elementor-button elementor-button-link elementor-size-sm\" href=\"https:\/\/www.berlin.de\/en\/tourism\/\" target=\"_blank\">\n\t\t\t\t\t\t<span class=\"elementor-button-content-wrapper\">\n\t\t\t\t\t\t\t\t\t<span class=\"elementor-button-text\">Visiting Berlin - the official city portal <\/span>\n\t\t\t\t\t<\/span>\n\t\t\t\t\t<\/a>\n\t\t\t\t<\/div>\n\t\t\t\t\t\t\t\t<\/div>\n\t\t\t\t<\/div>\n\t\t\t\t<\/div>\n\t\t\t\t<\/div>\n\t\t\t\t<\/div>\n\t\t","protected":false},"excerpt":{"rendered":"<p>Berlin Berlin, Germany&#8217;s vibrant capital, combines history, culture and modernity like no other city. The metropolis on the River Spree is known for its eventful past, which is reflected in numerous sights \u2013 from the Brandenburg Gate and the Reichstag to the East Side Gallery, the longest preserved section of the Berlin Wall. Today, Berlin [&hellip;]<\/p>\n","protected":false},"author":3,"featured_media":0,"parent":0,"menu_order":0,"comment_status":"closed","ping_status":"closed","template":"elementor_header_footer","meta":{"footnotes":""},"class_list":["post-1855","page","type-page","status-publish","hentry"],"_links":{"self":[{"href":"https:\/\/2026.bibliocon.de\/en\/wp-json\/wp\/v2\/pages\/1855","targetHints":{"allow":["GET"]}}],"collection":[{"href":"https:\/\/2026.bibliocon.de\/en\/wp-json\/wp\/v2\/pages"}],"about":[{"href":"https:\/\/2026.bibliocon.de\/en\/wp-json\/wp\/v2\/types\/page"}],"author":[{"embeddable":true,"href":"https:\/\/2026.bibliocon.de\/en\/wp-json\/wp\/v2\/users\/3"}],"replies":[{"embeddable":true,"href":"https:\/\/2026.bibliocon.de\/en\/wp-json\/wp\/v2\/comments?post=1855"}],"version-history":[{"count":5,"href":"https:\/\/2026.bibliocon.de\/en\/wp-json\/wp\/v2\/pages\/1855\/revisions"}],"predecessor-version":[{"id":2253,"href":"https:\/\/2026.bibliocon.de\/en\/wp-json\/wp\/v2\/pages\/1855\/revisions\/2253"}],"wp:attachment":[{"href":"https:\/\/2026.bibliocon.de\/en\/wp-json\/wp\/v2\/media?parent=1855"}],"curies":[{"name":"wp","href":"https:\/\/api.w.org\/{rel}","templated":true}]}}